{"id":1605,"date":"2022-01-09T18:44:02","date_gmt":"2022-01-09T17:44:02","guid":{"rendered":"https:\/\/www.profi-dane.cz\/?page_id=1605"},"modified":"2022-01-09T21:51:40","modified_gmt":"2022-01-09T20:51:40","slug":"vedeni-ucetnictvi","status":"publish","type":"page","link":"https:\/\/www.profi-dane.cz\/index.php\/vedeni-ucetnictvi\/","title":{"rendered":"Veden\u00ed \u00fa\u010detnictv\u00ed"},"content":{"rendered":"\n<div class=\"wp-block-columns is-layout-flex wp-container-core-columns-is-layout-9d6595d7 wp-block-columns-is-layout-flex\">\n<div class=\"wp-block-column is-layout-flow wp-block-column-is-layout-flow\">\n<p class=\"has-black-color has-luminous-vivid-amber-background-color has-text-color has-background\">Zab\u00fdv\u00e1me se zpracov\u00e1n\u00edm \u00fa\u010detnictv\u00ed, da\u0148ov\u00e9 evidence a mezd. Pro klienty zaji\u0161\u0165ujeme i dal\u0161\u00ed administrativn\u00ed slu\u017eby na vy\u017e\u00e1d\u00e1n\u00ed. Na z\u00e1klad\u011b Osv\u011bd\u010den\u00ed da\u0148ov\u00e9ho poradce \u010d.3543 sestavuji pro klienty da\u0148ov\u00e1 p\u0159izn\u00e1n\u00ed a hl\u00e1\u0161en\u00ed finan\u010dn\u00edmu \u00fa\u0159adu a poskytuji jim da\u0148ov\u00e9 poradenstv\u00ed. To jak okam\u017eit\u011b po telefonu, tak v p\u0159\u00edpad\u011b slo\u017eit\u011bj\u0161\u00edch probl\u00e9m\u016f po p\u0159im\u011b\u0159en\u00e9 lh\u016ft\u011b na prozkoum\u00e1n\u00ed pr\u00e1vn\u00ed \u00fapravy, sezn\u00e1men\u00ed se s judikaturou a publikovan\u00fdmi odborn\u00fdmi n\u00e1zory. Klienta pak sezn\u00e1m\u00edm s variantami \u0159e\u0161en\u00ed a jejich p\u0159\u00edpadn\u00fdmi dopady.<\/p>\n<\/div>\n<\/div>\n\n\n\n<div class=\"wp-block-columns is-layout-flex wp-container-core-columns-is-layout-9d6595d7 wp-block-columns-is-layout-flex\">\n<div class=\"wp-block-column is-layout-flow wp-block-column-is-layout-flow\">\n<p><strong>Slu\u017eby<\/strong><\/p>\n\n\n\n<ul class=\"wp-block-list\"><li>zpracov\u00e1n\u00ed da\u0148ov\u00fdch p\u0159izn\u00e1n\u00ed<\/li><li>veden\u00ed \u00fa\u010detnictv\u00ed<\/li><li>zpracov\u00e1n\u00ed mezd<\/li><li>administrativn\u00ed slu\u017eby (fakturace, veden\u00ed skladu)<\/li><li>zastupov\u00e1n\u00ed p\u0159i jedn\u00e1n\u00ed s \u00fa\u0159ady na z\u00e1klad\u011b pln\u00e9 moci<\/li><li>poradenstv\u00ed (fina\u010dn\u00ed, \u00fa\u010detn\u00ed, da\u0148ov\u00e9)<\/li><li>da\u0148ov\u00e1 optimalizace (prohl\u00e9dnu co u V\u00e1s zm\u011bnit)<\/li><li>mezin\u00e1rodn\u00ed zdan\u011bn\u00ed (USA, Slovensko, Ukrajina, UK atd.)<\/li><\/ul>\n<\/div>\n\n\n\n<div class=\"wp-block-column is-layout-flow wp-block-column-is-layout-flow\">\n<p><strong>Speciality<\/strong><\/p>\n\n\n\n<ul class=\"wp-block-list\"><li>angli\u010dtina &#8211; chcete abychom s V\u00e1mi nebo za V\u00e1s jednali v angli\u010dtin\u011b, nen\u00ed probl\u00e9m, rovnou volejte na telefon 603859361<\/li><li>pot\u0159ebujete n\u011bco netradi\u010dn\u00edho &#8211; p\u016fjdeme s V\u00e1mi do banky domluvit \u00fav\u011br<\/li><li>\u00fa\u010detnictv\u00ed on-line &#8211; m\u00e1me \u0159e\u0161en\u00ed<\/li><li>chcete promyslet kombinaci pr\u00e1vn\u00edho da\u0148ov\u00e9ho a soukrom\u00e9ho probl\u00e9mu<\/li><li>chcete konzultanta v kteroukoliv dobu (podnikatelsk\u00e9 n\u00e1pady se rod\u00ed bez ohl\u00e1\u0161en\u00ed)<\/li><li>chcete n\u011bkoho, kdo si stoj\u00ed za vlastn\u00edm tvrzen\u00edm &#8211; s klienty uzav\u00edr\u00e1me smlouvu a jsme poji\u0161t\u011bni<\/li><li>propo\u010dty investic (cash-flow, n\u00e1vratnost investice)<\/li><\/ul>\n<\/div>\n<\/div>\n\n\n\n<div class=\"wp-block-columns is-layout-flex wp-container-core-columns-is-layout-9d6595d7 wp-block-columns-is-layout-flex\">\n<div class=\"wp-block-column is-vertically-aligned-top has-black-color has-luminous-vivid-amber-background-color has-text-color has-background is-layout-flow wp-block-column-is-layout-flow\">\n<p><strong>V \u010dem jsme jin\u00ed<\/strong><\/p>\n\n\n\n<p>Sna\u017e\u00edme se st\u00e1le zlep\u0161ovat. A\u0165 je to dal\u0161\u00edm studiem, na semin\u00e1\u0159\u00edch, \u010dten\u00edm odborn\u00fdch \u010dl\u00e1nk\u016f.<\/p>\n\n\n\n<p class=\"has-text-align-left\">Sna\u017e\u00edme se st\u00e1le zlep\u0161ovat slu\u017eby poskytovan\u00e9 klient\u016fm. Lep\u0161\u00ed komunikac\u00ed s nimi, pomoc i s ne\u00fa\u010detn\u00edmi probl\u00e9my (finan\u010dn\u00ed konzultace, administrativn\u00ed v\u00fdpomoc, asistence p\u0159i jedn\u00e1n\u00ed s bankami, mo\u017enost pr\u00e1ce on-line na jednom \u00fa\u010detn\u00edm syst\u00e9mu atd.).<\/p>\n\n\n\n<p>Sna\u017e\u00edme se st\u00e1le zlep\u0161ovat na\u0161e vlastn\u00ed vnit\u0159n\u00ed postupy. (komunikace s autory na\u0161eho \u00fa\u010detn\u00edho SW, nazna\u010dujeme jim co zlep\u0161it, vylep\u0161ujeme vlastn\u00ed organizaci pr\u00e1ce, abychom zamezili vzniku nedorozum\u011bn\u00ed a chyb).<\/p>\n<\/div>\n<\/div>\n","protected":false},"excerpt":{"rendered":"<p>Zab\u00fdv\u00e1me se zpracov\u00e1n\u00edm \u00fa\u010detnictv\u00ed, da\u0148ov\u00e9 evidence a mezd. Pro klienty zaji\u0161\u0165ujeme i dal\u0161\u00ed administrativn\u00ed slu\u017eby na vy\u017e\u00e1d\u00e1n\u00ed. Na z\u00e1klad\u011b Osv\u011bd\u010den\u00ed da\u0148ov\u00e9ho poradce \u010d.3543 sestavuji pro klienty da\u0148ov\u00e1 p\u0159izn\u00e1n\u00ed a hl\u00e1\u0161en\u00ed finan\u010dn\u00edmu \u00fa\u0159adu a poskytuji jim da\u0148ov\u00e9 poradenstv\u00ed. To jak okam\u017eit\u011b po telefonu, tak v p\u0159\u00edpad\u011b slo\u017eit\u011bj\u0161\u00edch probl\u00e9m\u016f po p\u0159im\u011b\u0159en\u00e9 lh\u016ft\u011b na prozkoum\u00e1n\u00ed pr\u00e1vn\u00ed \u00fapravy, sezn\u00e1men\u00ed [&hellip;]<\/p>\n","protected":false},"author":1,"featured_media":0,"parent":0,"menu_order":0,"comment_status":"closed","ping_status":"closed","template":"","meta":{"_regular_price":[],"currency_symbol":[],"footnotes":""},"class_list":["post-1605","page","type-page","status-publish","hentry"],"post_slider_layout_featured_media_urls":{"thumbnail":"","post_slider_layout_landscape_large":"","post_slider_layout_portrait_large":"","post_slider_layout_square_large":"","post_slider_layout_landscape":"","post_slider_layout_portrait":"","post_slider_layout_square":"","full":""},"_links":{"self":[{"href":"https:\/\/www.profi-dane.cz\/index.php\/wp-json\/wp\/v2\/pages\/1605","targetHints":{"allow":["GET"]}}],"collection":[{"href":"https:\/\/www.profi-dane.cz\/index.php\/wp-json\/wp\/v2\/pages"}],"about":[{"href":"https:\/\/www.profi-dane.cz\/index.php\/wp-json\/wp\/v2\/types\/page"}],"author":[{"embeddable":true,"href":"https:\/\/www.profi-dane.cz\/index.php\/wp-json\/wp\/v2\/users\/1"}],"replies":[{"embeddable":true,"href":"https:\/\/www.profi-dane.cz\/index.php\/wp-json\/wp\/v2\/comments?post=1605"}],"version-history":[{"count":0,"href":"https:\/\/www.profi-dane.cz\/index.php\/wp-json\/wp\/v2\/pages\/1605\/revisions"}],"wp:attachment":[{"href":"https:\/\/www.profi-dane.cz\/index.php\/wp-json\/wp\/v2\/media?parent=1605"}],"curies":[{"name":"wp","href":"https:\/\/api.w.org\/{rel}","templated":true}]}}